{"id":214,"date":"2020-06-13T15:28:27","date_gmt":"2020-06-13T15:28:27","guid":{"rendered":"https:\/\/imaq.com.co\/?page_id=214"},"modified":"2025-03-29T23:29:38","modified_gmt":"2025-03-29T23:29:38","slug":"soplado","status":"publish","type":"page","link":"https:\/\/imaq.com.co\/?page_id=214","title":{"rendered":"Soplado"},"content":{"rendered":"\t\t<div data-elementor-type=\"wp-page\" data-elementor-id=\"214\" class=\"elementor elementor-214\" data-elementor-post-type=\"page\">\n\t\t\t\t<div class=\"elementor-element elementor-element-2def4ce e-flex e-con-boxed e-con e-parent\" data-id=\"2def4ce\" data-element_type=\"container\" data-e-type=\"container\">\n\t\t\t\t\t<div class=\"e-con-inner\">\n\t\t\t\t<div class=\"elementor-element elementor-element-8246408 elementor-widget elementor-widget-heading\" data-id=\"8246408\" data-element_type=\"widget\" data-e-type=\"widget\" data-widget_type=\"heading.default\">\n\t\t\t\t<div class=\"elementor-widget-container\">\n\t\t\t\t\t<h2 class=\"elementor-heading-title elementor-size-default\">Soplado<\/h2>\t\t\t\t<\/div>\n\t\t\t\t<\/div>\n\t\t\t\t\t<\/div>\n\t\t\t\t<\/div>\n\t\t<div class=\"elementor-element elementor-element-5fd67c7 e-flex e-con-boxed e-con e-parent\" data-id=\"5fd67c7\" data-element_type=\"container\" data-e-type=\"container\" data-settings=\"{&quot;background_background&quot;:&quot;classic&quot;}\">\n\t\t\t\t\t<div class=\"e-con-inner\">\n\t\t<div class=\"elementor-element elementor-element-6ed7e89 e-con-full e-flex e-con e-child\" data-id=\"6ed7e89\" data-element_type=\"container\" data-e-type=\"container\">\n\t\t\t\t<div class=\"elementor-element elementor-element-2d64243 elementor-invisible elementor-widget elementor-widget-heading\" data-id=\"2d64243\" data-element_type=\"widget\" data-e-type=\"widget\" data-settings=\"{&quot;_animation&quot;:&quot;fadeIn&quot;}\" data-widget_type=\"heading.default\">\n\t\t\t\t<div class=\"elementor-widget-container\">\n\t\t\t\t\t<h2 class=\"elementor-heading-title elementor-size-default\">Maquinas de moldeo por extrusi\u00f3n soplado\n<\/h2>\t\t\t\t<\/div>\n\t\t\t\t<\/div>\n\t\t\t\t<\/div>\n\t\t<div class=\"elementor-element elementor-element-9aafe60 e-con-full e-flex e-con e-child\" data-id=\"9aafe60\" data-element_type=\"container\" data-e-type=\"container\">\n\t\t\t\t<div class=\"elementor-element elementor-element-b163329 elementor-invisible elementor-widget elementor-widget-image\" data-id=\"b163329\" data-element_type=\"widget\" data-e-type=\"widget\" data-settings=\"{&quot;_animation&quot;:&quot;fadeIn&quot;}\" data-widget_type=\"image.default\">\n\t\t\t\t<div class=\"elementor-widget-container\">\n\t\t\t\t\t\t\t\t\t\t\t\t\t\t\t<img decoding=\"async\" src=\"https:\/\/imaq.com.co\/wp-content\/uploads\/2020\/06\/Sopladora2.jpg\" title=\"\" alt=\"\" loading=\"lazy\" \/>\t\t\t\t\t\t\t\t\t\t\t\t\t\t\t<\/div>\n\t\t\t\t<\/div>\n\t\t\t\t<\/div>\n\t\t\t\t\t<\/div>\n\t\t\t\t<\/div>\n\t\t<div class=\"elementor-element elementor-element-af72688 e-flex e-con-boxed e-con e-parent\" data-id=\"af72688\" data-element_type=\"container\" data-e-type=\"container\">\n\t\t\t\t\t<div class=\"e-con-inner\">\n\t\t\t\t<div class=\"elementor-element elementor-element-0821d34 elementor-widget elementor-widget-sina_brand_carousel\" data-id=\"0821d34\" data-element_type=\"widget\" data-e-type=\"widget\" data-widget_type=\"sina_brand_carousel.default\">\n\t\t\t\t<div class=\"elementor-widget-container\">\n\t\t\t\t\t\t\t<div class=\"sina-brand-carousel owl-carousel\"\r\n\t\tdata-item-lg=\"6\"\r\n\t\tdata-item-md=\"2\"\r\n\t\tdata-item-sm=\"1\"\r\n\t\tdata-autoplay=\"yes\"\r\n\t\tdata-pause=\"yes\"\r\n\t\tdata-center=\"\"\r\n\t\tdata-slide-anim=\"\"\r\n\t\tdata-slide-anim-out=\"\"\r\n\t\tdata-nav=\"\" data-dots=\"\"\r\n\t\tdata-mouse-drag=\"yes\"\r\n\t\tdata-touch-drag=\"\"\r\n\t\tdata-loop=\"yes\"\r\n\t\tdata-speed=\"500\"\r\n\t\tdata-delay=\"5000\">\r\n\t\t\t\t\t\t\t\t\t\t\t\t<div class=\"sina-brand-item\">\r\n\t\t\t\t\t\t<div class=\"sina-brand-item-inner elementor-repeater-item-82957c2\">\r\n\t\t\t\t\t\t\t<a >\r\n\t\t\t\t\t\t\t\t<img decoding=\"async\" src=\"https:\/\/brandlogos.net\/wp-content\/uploads\/2013\/05\/schneider-electric-eps-vector-logo.png\" alt=\"schneider electric\">\r\n\t\t\t\t\t\t\t<\/a>\r\n\t\t\t\t\t\t<\/div>\r\n\t\t\t\t\t<\/div>\r\n\t\t\t\t\t\t\t\t\t\t\t\t\t\t\t\t<div class=\"sina-brand-item\">\r\n\t\t\t\t\t\t<div class=\"sina-brand-item-inner elementor-repeater-item-8819683\">\r\n\t\t\t\t\t\t\t<a >\r\n\t\t\t\t\t\t\t\t<img decoding=\"async\" src=\"https:\/\/www.cncpd.com\/wp-content\/uploads\/2016\/10\/rexroth.jpg\" alt=\"Rexroth\">\r\n\t\t\t\t\t\t\t<\/a>\r\n\t\t\t\t\t\t<\/div>\r\n\t\t\t\t\t<\/div>\r\n\t\t\t\t\t\t\t\t\t\t\t\t\t\t\t\t<div class=\"sina-brand-item\">\r\n\t\t\t\t\t\t<div class=\"sina-brand-item-inner elementor-repeater-item-3bdee3f\">\r\n\t\t\t\t\t\t\t<a >\r\n\t\t\t\t\t\t\t\t<img decoding=\"async\" src=\"https:\/\/cdn1.vogel.de\/4eCbwrM89MMrYxGNAx5XqZNh8L8=\/fit-in\/300x300\/filters:format(png):fill(fff,0)\/images.vogel.de\/vogelonline\/companyimg\/20800\/20842\/65.jpg\" alt=\"novotechnik\">\r\n\t\t\t\t\t\t\t<\/a>\r\n\t\t\t\t\t\t<\/div>\r\n\t\t\t\t\t<\/div>\r\n\t\t\t\t\t\t\t\t\t\t\t\t\t\t\t\t<div class=\"sina-brand-item\">\r\n\t\t\t\t\t\t<div class=\"sina-brand-item-inner elementor-repeater-item-9e00e15\">\r\n\t\t\t\t\t\t\t<a >\r\n\t\t\t\t\t\t\t\t<img decoding=\"async\" src=\"https:\/\/encrypted-tbn0.gstatic.com\/images?q=tbn:ANd9GcRmmsCACFQjYkUazgzxi8cnDZD7OigibHIH154OK1TZWqHqw32zBVs6_peE2etPYCBXHxU&#038;usqp=CAU\" alt=\"eaton\">\r\n\t\t\t\t\t\t\t<\/a>\r\n\t\t\t\t\t\t<\/div>\r\n\t\t\t\t\t<\/div>\r\n\t\t\t\t\t\t\t\t\t\t\t\t\t\t\t\t<div class=\"sina-brand-item\">\r\n\t\t\t\t\t\t<div class=\"sina-brand-item-inner elementor-repeater-item-515eb88\">\r\n\t\t\t\t\t\t\t<a >\r\n\t\t\t\t\t\t\t\t<img decoding=\"async\" src=\"https:\/\/affiliatedcontrol.com\/wp-content\/uploads\/2021\/09\/partner_festo.png\" alt=\"Festo\">\r\n\t\t\t\t\t\t\t<\/a>\r\n\t\t\t\t\t\t<\/div>\r\n\t\t\t\t\t<\/div>\r\n\t\t\t\t\t\t\t\t\t\t\t\t\t\t\t\t<div class=\"sina-brand-item\">\r\n\t\t\t\t\t\t<div class=\"sina-brand-item-inner elementor-repeater-item-881d4e2\">\r\n\t\t\t\t\t\t\t<a >\r\n\t\t\t\t\t\t\t\t<img decoding=\"async\" src=\"https:\/\/www.processindustryforum.com\/wp-content\/uploads\/2018\/10\/asco-logo.jpg\" alt=\"asco numatics\">\r\n\t\t\t\t\t\t\t<\/a>\r\n\t\t\t\t\t\t<\/div>\r\n\t\t\t\t\t<\/div>\r\n\t\t\t\t\t\t\t\t\t\t\t\t\t\t\t\t<div class=\"sina-brand-item\">\r\n\t\t\t\t\t\t<div class=\"sina-brand-item-inner elementor-repeater-item-e95cecd\">\r\n\t\t\t\t\t\t\t<a >\r\n\t\t\t\t\t\t\t\t<img decoding=\"async\" src=\"https:\/\/www.ontrium.com\/get.aspx?id=1467218\" alt=\"Telleborg\">\r\n\t\t\t\t\t\t\t<\/a>\r\n\t\t\t\t\t\t<\/div>\r\n\t\t\t\t\t<\/div>\r\n\t\t\t\t\t\t\t\t\t\t\t\t\t\t\t\t<div class=\"sina-brand-item\">\r\n\t\t\t\t\t\t<div class=\"sina-brand-item-inner elementor-repeater-item-1bb222f\">\r\n\t\t\t\t\t\t\t<a >\r\n\t\t\t\t\t\t\t\t<img decoding=\"async\" src=\"https:\/\/encrypted-tbn0.gstatic.com\/images?q=tbn:ANd9GcS-XgZtuimpJlN_T7TdFIXA3thnTh6_6N82PA&#038;s\" alt=\"fch\">\r\n\t\t\t\t\t\t\t<\/a>\r\n\t\t\t\t\t\t<\/div>\r\n\t\t\t\t\t<\/div>\r\n\t\t\t\t\t\t\t\t\t\t\t\t\t\t\t\t<div class=\"sina-brand-item\">\r\n\t\t\t\t\t\t<div class=\"sina-brand-item-inner elementor-repeater-item-d708c58\">\r\n\t\t\t\t\t\t\t<a >\r\n\t\t\t\t\t\t\t\t<img decoding=\"async\" src=\"https:\/\/tnb.ca.abb.com\/en\/images\/abb_logo_generic_news_alpha.png\" alt=\"ABB\">\r\n\t\t\t\t\t\t\t<\/a>\r\n\t\t\t\t\t\t<\/div>\r\n\t\t\t\t\t<\/div>\r\n\t\t\t\t\t\t\t\t\t\t\t\t\t\t\t\t<div class=\"sina-brand-item\">\r\n\t\t\t\t\t\t<div class=\"sina-brand-item-inner elementor-repeater-item-051c8c4\">\r\n\t\t\t\t\t\t\t<a >\r\n\t\t\t\t\t\t\t\t<img decoding=\"async\" src=\"https:\/\/www.jobirl.com\/images\/societe\/1621345518.jpg\" alt=\"ifm\">\r\n\t\t\t\t\t\t\t<\/a>\r\n\t\t\t\t\t\t<\/div>\r\n\t\t\t\t\t<\/div>\r\n\t\t\t\t\t\t\t\t\t\t\t\t\t\t\t\t<div class=\"sina-brand-item\">\r\n\t\t\t\t\t\t<div class=\"sina-brand-item-inner elementor-repeater-item-fc801e4\">\r\n\t\t\t\t\t\t\t<a >\r\n\t\t\t\t\t\t\t\t<img decoding=\"async\" src=\"https:\/\/media.licdn.com\/dms\/image\/v2\/C4E0BAQG_up3JvaPSQg\/company-logo_200_200\/company-logo_200_200\/0\/1631312314364?e=2147483647&#038;v=beta&#038;t=lsI1PXgkeDB3dV7UPBSvZyrAdJw_R4NfG2u1ajxRUbE\" alt=\"IDEC\">\r\n\t\t\t\t\t\t\t<\/a>\r\n\t\t\t\t\t\t<\/div>\r\n\t\t\t\t\t<\/div>\r\n\t\t\t\t\t\t\t\t\t\t\t\t\t\t\t\t<div class=\"sina-brand-item\">\r\n\t\t\t\t\t\t<div class=\"sina-brand-item-inner elementor-repeater-item-2f8979c\">\r\n\t\t\t\t\t\t\t<a >\r\n\t\t\t\t\t\t\t\t<img decoding=\"async\" src=\"https:\/\/www.premier-ac.co.th\/wp-content\/uploads\/2023\/06\/Planetary-Gear-7.png\" alt=\"hiwin\">\r\n\t\t\t\t\t\t\t<\/a>\r\n\t\t\t\t\t\t<\/div>\r\n\t\t\t\t\t<\/div>\r\n\t\t\t\t\t\t\t\t\t\t\t\t\t\t\t\t<div class=\"sina-brand-item\">\r\n\t\t\t\t\t\t<div class=\"sina-brand-item-inner elementor-repeater-item-6242777\">\r\n\t\t\t\t\t\t\t<a >\r\n\t\t\t\t\t\t\t\t<img decoding=\"async\" src=\"https:\/\/peoplenext.com\/wp-content\/uploads\/2022\/02\/siemens1.jpg\" alt=\"siemens\">\r\n\t\t\t\t\t\t\t<\/a>\r\n\t\t\t\t\t\t<\/div>\r\n\t\t\t\t\t<\/div>\r\n\t\t\t\t\t\t\t\t\t\t\t\t\t\t\t\t<div class=\"sina-brand-item\">\r\n\t\t\t\t\t\t<div class=\"sina-brand-item-inner elementor-repeater-item-c490b0a\">\r\n\t\t\t\t\t\t\t<a >\r\n\t\t\t\t\t\t\t\t<img decoding=\"async\" src=\"https:\/\/images.crunchbase.com\/image\/upload\/c_pad,h_256,w_256,f_auto,q_auto:eco,dpr_1\/v1491369936\/dkrtmm1r7ra4draxinfz.png\" alt=\"B&amp;R\">\r\n\t\t\t\t\t\t\t<\/a>\r\n\t\t\t\t\t\t<\/div>\r\n\t\t\t\t\t<\/div>\r\n\t\t\t\t\t\t\t\t\t<\/div><!-- .sina-brand-carousel -->\r\n\t\t\t\t\t\t<\/div>\n\t\t\t\t<\/div>\n\t\t\t\t<div class=\"elementor-element elementor-element-3a041f3 elementor-widget__width-initial elementor-widget elementor-widget-text-editor\" data-id=\"3a041f3\" data-element_type=\"widget\" data-e-type=\"widget\" data-widget_type=\"text-editor.default\">\n\t\t\t\t<div class=\"elementor-widget-container\">\n\t\t\t\t\t\t\t\t\t<h3 class=\"widget-title\">Componentes Sopladora<\/h3>\t\t\t\t\t\t\t\t<\/div>\n\t\t\t\t<\/div>\n\t\t\t\t\t<\/div>\n\t\t\t\t<\/div>\n\t\t<div class=\"elementor-element elementor-element-beabf6c e-flex e-con-boxed e-con e-parent\" data-id=\"beabf6c\" data-element_type=\"container\" data-e-type=\"container\" data-settings=\"{&quot;background_background&quot;:&quot;classic&quot;}\">\n\t\t\t\t\t<div class=\"e-con-inner\">\n\t\t<div class=\"elementor-element elementor-element-625919f e-con-full e-flex e-con e-child\" data-id=\"625919f\" data-element_type=\"container\" data-e-type=\"container\">\n\t\t\t\t<div class=\"elementor-element elementor-element-9edb6ec elementor-widget__width-initial elementor-widget elementor-widget-text-editor\" data-id=\"9edb6ec\" data-element_type=\"widget\" data-e-type=\"widget\" data-widget_type=\"text-editor.default\">\n\t\t\t\t<div class=\"elementor-widget-container\">\n\t\t\t\t\t\t\t\t\t<p>Sopladoras de pl\u00e1sticos desde 1 Litro hasta 220 litros Opcionales 1) Servo Motor (bajo consumo energ\u00e9tico) 2) Unidad de desbarbado 3) Control de parison 3) Co-extrusi\u00f3n (cintila de Nivel)<\/p>\t\t\t\t\t\t\t\t<\/div>\n\t\t\t\t<\/div>\n\t\t\t\t<\/div>\n\t\t<div class=\"elementor-element elementor-element-76cab5e e-con-full e-flex e-con e-child\" data-id=\"76cab5e\" data-element_type=\"container\" data-e-type=\"container\">\n\t\t\t\t<div class=\"elementor-element elementor-element-7f4552c elementor-widget elementor-widget-video\" data-id=\"7f4552c\" data-element_type=\"widget\" data-e-type=\"widget\" data-settings=\"{&quot;youtube_url&quot;:&quot;https:\\\/\\\/youtu.be\\\/fLqAY6cZLKs&quot;,&quot;video_type&quot;:&quot;youtube&quot;,&quot;controls&quot;:&quot;yes&quot;}\" data-widget_type=\"video.default\">\n\t\t\t\t<div class=\"elementor-widget-container\">\n\t\t\t\t\t\t\t<div class=\"elementor-wrapper elementor-open-inline\">\n\t\t\t<div class=\"elementor-video\"><\/div>\t\t<\/div>\n\t\t\t\t\t\t<\/div>\n\t\t\t\t<\/div>\n\t\t\t\t<\/div>\n\t\t\t\t\t<\/div>\n\t\t\t\t<\/div>\n\t\t<div class=\"elementor-element elementor-element-ebe8640 e-con-full e-flex e-con e-child\" data-id=\"ebe8640\" data-element_type=\"container\" data-e-type=\"container\">\n\t\t<a class=\"elementor-element elementor-element-f9fb3c5 e-con-full e-transform e-transform e-flex e-con e-child\" data-id=\"f9fb3c5\" data-element_type=\"container\" data-e-type=\"container\" data-settings=\"{&quot;background_background&quot;:&quot;classic&quot;,&quot;_transform_scale_effect_hover&quot;:{&quot;unit&quot;:&quot;px&quot;,&quot;size&quot;:1.04,&quot;sizes&quot;:[]},&quot;_transform_scaleX_effect&quot;:{&quot;unit&quot;:&quot;px&quot;,&quot;size&quot;:&quot;&quot;,&quot;sizes&quot;:[]},&quot;_transform_scaleX_effect_tablet&quot;:{&quot;unit&quot;:&quot;px&quot;,&quot;size&quot;:&quot;&quot;,&quot;sizes&quot;:[]},&quot;_transform_scaleX_effect_mobile&quot;:{&quot;unit&quot;:&quot;px&quot;,&quot;size&quot;:&quot;&quot;,&quot;sizes&quot;:[]},&quot;_transform_scaleY_effect&quot;:{&quot;unit&quot;:&quot;px&quot;,&quot;size&quot;:&quot;&quot;,&quot;sizes&quot;:[]},&quot;_transform_scaleY_effect_tablet&quot;:{&quot;unit&quot;:&quot;px&quot;,&quot;size&quot;:&quot;&quot;,&quot;sizes&quot;:[]},&quot;_transform_scaleY_effect_mobile&quot;:{&quot;unit&quot;:&quot;px&quot;,&quot;size&quot;:&quot;&quot;,&quot;sizes&quot;:[]},&quot;_transform_scale_effect_hover_tablet&quot;:{&quot;unit&quot;:&quot;px&quot;,&quot;size&quot;:&quot;&quot;,&quot;sizes&quot;:[]},&quot;_transform_scale_effect_hover_mobile&quot;:{&quot;unit&quot;:&quot;px&quot;,&quot;size&quot;:&quot;&quot;,&quot;sizes&quot;:[]}}\" href=\"https:\/\/imaq.com.co\/?page_id=495\">\n\t\t\t\t<div class=\"elementor-element elementor-element-30c3ca4 elementor-widget-tablet__width-initial elementor-widget elementor-widget-heading\" data-id=\"30c3ca4\" data-element_type=\"widget\" data-e-type=\"widget\" data-widget_type=\"heading.default\">\n\t\t\t\t<div class=\"elementor-widget-container\">\n\t\t\t\t\t<h2 class=\"elementor-heading-title elementor-size-default\">Sopladoras de Pet<\/h2>\t\t\t\t<\/div>\n\t\t\t\t<\/div>\n\t\t\t\t<\/a>\n\t\t\t\t<\/div>\n\t\t\t\t<\/div>\n\t\t","protected":false},"excerpt":{"rendered":"<p>Soplado Maquinas de moldeo por extrusi\u00f3n soplado Componentes Sopladora Sopladoras de pl\u00e1sticos desde 1 Litro hasta 220 litros Opcionales 1) Servo Motor (bajo consumo energ\u00e9tico) 2) Unidad de desbarbado 3) Control de parison 3) Co-extrusi\u00f3n (cintila de Nivel) https:\/\/youtu.be\/fLqAY6cZLKs Sopladoras de Pet<\/p>\n","protected":false},"author":1,"featured_media":0,"parent":0,"menu_order":0,"comment_status":"closed","ping_status":"closed","template":"","meta":{"_monsterinsights_skip_tracking":false,"_monsterinsights_sitenote_active":false,"_monsterinsights_sitenote_note":"","_monsterinsights_sitenote_category":0,"footnotes":""},"class_list":["post-214","page","type-page","status-publish","hentry"],"aioseo_notices":[],"_hostinger_reach_plugin_has_subscription_block":false,"_hostinger_reach_plugin_is_elementor":false,"rttpg_featured_image_url":null,"rttpg_author":{"display_name":"vladimir.tobar.escobar","author_link":"https:\/\/imaq.com.co\/?author=1"},"rttpg_comment":0,"rttpg_category":null,"rttpg_excerpt":"Soplado Maquinas de moldeo por extrusi\u00f3n soplado Componentes Sopladora Sopladoras de pl\u00e1sticos desde 1 Litro hasta 220 litros Opcionales 1) Servo Motor (bajo consumo energ\u00e9tico) 2) Unidad de desbarbado 3) Control de parison 3) Co-extrusi\u00f3n (cintila de Nivel) https:\/\/youtu.be\/fLqAY6cZLKs Sopladoras de Pet","_links":{"self":[{"href":"https:\/\/imaq.com.co\/index.php?rest_route=\/wp\/v2\/pages\/214","targetHints":{"allow":["GET"]}}],"collection":[{"href":"https:\/\/imaq.com.co\/index.php?rest_route=\/wp\/v2\/pages"}],"about":[{"href":"https:\/\/imaq.com.co\/index.php?rest_route=\/wp\/v2\/types\/page"}],"author":[{"embeddable":true,"href":"https:\/\/imaq.com.co\/index.php?rest_route=\/wp\/v2\/users\/1"}],"replies":[{"embeddable":true,"href":"https:\/\/imaq.com.co\/index.php?rest_route=%2Fwp%2Fv2%2Fcomments&post=214"}],"version-history":[{"count":21,"href":"https:\/\/imaq.com.co\/index.php?rest_route=\/wp\/v2\/pages\/214\/revisions"}],"predecessor-version":[{"id":1385,"href":"https:\/\/imaq.com.co\/index.php?rest_route=\/wp\/v2\/pages\/214\/revisions\/1385"}],"wp:attachment":[{"href":"https:\/\/imaq.com.co\/index.php?rest_route=%2Fwp%2Fv2%2Fmedia&parent=214"}],"curies":[{"name":"wp","href":"https:\/\/api.w.org\/{rel}","templated":true}]}}