{"id":210,"date":"2020-06-13T15:27:44","date_gmt":"2020-06-13T15:27:44","guid":{"rendered":"https:\/\/imaq.com.co\/?page_id=210"},"modified":"2025-08-20T02:57:29","modified_gmt":"2025-08-20T02:57:29","slug":"inyeccion","status":"publish","type":"page","link":"https:\/\/imaq.com.co\/?page_id=210","title":{"rendered":"Inyecci\u00f3n"},"content":{"rendered":"\t\t<div data-elementor-type=\"wp-page\" data-elementor-id=\"210\" class=\"elementor elementor-210\" data-elementor-post-type=\"page\">\n\t\t\t\t<div class=\"elementor-element elementor-element-f1531bd e-flex e-con-boxed e-con e-parent\" data-id=\"f1531bd\" data-element_type=\"container\" data-e-type=\"container\">\n\t\t\t\t\t<div class=\"e-con-inner\">\n\t\t\t\t<div class=\"elementor-element elementor-element-986d800 elementor-invisible elementor-widget elementor-widget-heading\" data-id=\"986d800\" data-element_type=\"widget\" data-e-type=\"widget\" data-settings=\"{&quot;_animation&quot;:&quot;fadeIn&quot;}\" data-widget_type=\"heading.default\">\n\t\t\t\t<div class=\"elementor-widget-container\">\n\t\t\t\t\t<h2 class=\"elementor-heading-title elementor-size-default\">Inyecci\u00f3n<\/h2>\t\t\t\t<\/div>\n\t\t\t\t<\/div>\n\t\t\t\t\t<\/div>\n\t\t\t\t<\/div>\n\t\t<div class=\"elementor-element elementor-element-9f3a86e e-flex e-con-boxed e-con e-parent\" data-id=\"9f3a86e\" data-element_type=\"container\" data-e-type=\"container\" data-settings=\"{&quot;background_background&quot;:&quot;classic&quot;}\">\n\t\t\t\t\t<div class=\"e-con-inner\">\n\t\t<div class=\"elementor-element elementor-element-6ccd6b0 e-con-full e-flex e-con e-child\" data-id=\"6ccd6b0\" data-element_type=\"container\" data-e-type=\"container\">\n\t\t\t\t<div class=\"elementor-element elementor-element-0b9847f elementor-invisible elementor-widget elementor-widget-heading\" data-id=\"0b9847f\" data-element_type=\"widget\" data-e-type=\"widget\" data-settings=\"{&quot;_animation&quot;:&quot;fadeIn&quot;}\" data-widget_type=\"heading.default\">\n\t\t\t\t<div class=\"elementor-widget-container\">\n\t\t\t\t\t<h2 class=\"elementor-heading-title elementor-size-default\">Maquinas de moldeo por extrusi\u00f3n Inyecci\u00f3n<\/h2>\t\t\t\t<\/div>\n\t\t\t\t<\/div>\n\t\t\t\t<div class=\"elementor-element elementor-element-892a4fd elementor-align-start elementor-mobile-align-start elementor-widget__width-initial elementor-icon-list--layout-traditional elementor-list-item-link-full_width elementor-invisible elementor-widget elementor-widget-icon-list\" data-id=\"892a4fd\" data-element_type=\"widget\" data-e-type=\"widget\" data-settings=\"{&quot;_animation&quot;:&quot;fadeIn&quot;}\" data-widget_type=\"icon-list.default\">\n\t\t\t\t<div class=\"elementor-widget-container\">\n\t\t\t\t\t\t\t<ul class=\"elementor-icon-list-items\">\n\t\t\t\t\t\t\t<li class=\"elementor-icon-list-item\">\n\t\t\t\t\t\t\t\t\t\t\t<span class=\"elementor-icon-list-icon\">\n\t\t\t\t\t\t\t<svg aria-hidden=\"true\" class=\"e-font-icon-svg e-fas-check\" viewBox=\"0 0 512 512\" xmlns=\"http:\/\/www.w3.org\/2000\/svg\"><path d=\"M173.898 439.404l-166.4-166.4c-9.997-9.997-9.997-26.206 0-36.204l36.203-36.204c9.997-9.998 26.207-9.998 36.204 0L192 312.69 432.095 72.596c9.997-9.997 26.207-9.997 36.204 0l36.203 36.204c9.997 9.997 9.997 26.206 0 36.204l-294.4 294.401c-9.998 9.997-26.207 9.997-36.204-.001z\"><\/path><\/svg>\t\t\t\t\t\t<\/span>\n\t\t\t\t\t\t\t\t\t\t<span class=\"elementor-icon-list-text\">Disponibles entre 60T a 4000T<\/span>\n\t\t\t\t\t\t\t\t\t<\/li>\n\t\t\t\t\t\t\t\t<li class=\"elementor-icon-list-item\">\n\t\t\t\t\t\t\t\t\t\t\t<span class=\"elementor-icon-list-icon\">\n\t\t\t\t\t\t\t<svg aria-hidden=\"true\" class=\"e-font-icon-svg e-fas-check\" viewBox=\"0 0 512 512\" xmlns=\"http:\/\/www.w3.org\/2000\/svg\"><path d=\"M173.898 439.404l-166.4-166.4c-9.997-9.997-9.997-26.206 0-36.204l36.203-36.204c9.997-9.998 26.207-9.998 36.204 0L192 312.69 432.095 72.596c9.997-9.997 26.207-9.997 36.204 0l36.203 36.204c9.997 9.997 9.997 26.206 0 36.204l-294.4 294.401c-9.998 9.997-26.207 9.997-36.204-.001z\"><\/path><\/svg>\t\t\t\t\t\t<\/span>\n\t\t\t\t\t\t\t\t\t\t<span class=\"elementor-icon-list-text\">Maquinas inyectoras de alta velocidad (para paredes delgadas)<\/span>\n\t\t\t\t\t\t\t\t\t<\/li>\n\t\t\t\t\t\t\t\t<li class=\"elementor-icon-list-item\">\n\t\t\t\t\t\t\t\t\t\t\t<span class=\"elementor-icon-list-icon\">\n\t\t\t\t\t\t\t<svg aria-hidden=\"true\" class=\"e-font-icon-svg e-fas-check\" viewBox=\"0 0 512 512\" xmlns=\"http:\/\/www.w3.org\/2000\/svg\"><path d=\"M173.898 439.404l-166.4-166.4c-9.997-9.997-9.997-26.206 0-36.204l36.203-36.204c9.997-9.998 26.207-9.998 36.204 0L192 312.69 432.095 72.596c9.997-9.997 26.207-9.997 36.204 0l36.203 36.204c9.997 9.997 9.997 26.206 0 36.204l-294.4 294.401c-9.998 9.997-26.207 9.997-36.204-.001z\"><\/path><\/svg>\t\t\t\t\t\t<\/span>\n\t\t\t\t\t\t\t\t\t\t<span class=\"elementor-icon-list-text\">Maquinas doble  tornillo<\/span>\n\t\t\t\t\t\t\t\t\t<\/li>\n\t\t\t\t\t\t\t\t<li class=\"elementor-icon-list-item\">\n\t\t\t\t\t\t\t\t\t\t\t<span class=\"elementor-icon-list-icon\">\n\t\t\t\t\t\t\t<svg aria-hidden=\"true\" class=\"e-font-icon-svg e-fas-check\" viewBox=\"0 0 512 512\" xmlns=\"http:\/\/www.w3.org\/2000\/svg\"><path d=\"M173.898 439.404l-166.4-166.4c-9.997-9.997-9.997-26.206 0-36.204l36.203-36.204c9.997-9.998 26.207-9.998 36.204 0L192 312.69 432.095 72.596c9.997-9.997 26.207-9.997 36.204 0l36.203 36.204c9.997 9.997 9.997 26.206 0 36.204l-294.4 294.401c-9.998 9.997-26.207 9.997-36.204-.001z\"><\/path><\/svg>\t\t\t\t\t\t<\/span>\n\t\t\t\t\t\t\t\t\t\t<span class=\"elementor-icon-list-text\">Maquinas totalmente electricas<\/span>\n\t\t\t\t\t\t\t\t\t<\/li>\n\t\t\t\t\t\t\t\t<li class=\"elementor-icon-list-item\">\n\t\t\t\t\t\t\t\t\t\t\t<span class=\"elementor-icon-list-icon\">\n\t\t\t\t\t\t\t<svg aria-hidden=\"true\" class=\"e-font-icon-svg e-fas-check\" viewBox=\"0 0 512 512\" xmlns=\"http:\/\/www.w3.org\/2000\/svg\"><path d=\"M173.898 439.404l-166.4-166.4c-9.997-9.997-9.997-26.206 0-36.204l36.203-36.204c9.997-9.998 26.207-9.998 36.204 0L192 312.69 432.095 72.596c9.997-9.997 26.207-9.997 36.204 0l36.203 36.204c9.997 9.997 9.997 26.206 0 36.204l-294.4 294.401c-9.998 9.997-26.207 9.997-36.204-.001z\"><\/path><\/svg>\t\t\t\t\t\t<\/span>\n\t\t\t\t\t\t\t\t\t\t<span class=\"elementor-icon-list-text\">Maquinas doble platina<\/span>\n\t\t\t\t\t\t\t\t\t<\/li>\n\t\t\t\t\t\t<\/ul>\n\t\t\t\t\t\t<\/div>\n\t\t\t\t<\/div>\n\t\t\t\t<\/div>\n\t\t<div class=\"elementor-element elementor-element-b9bc076 e-con-full e-flex e-con e-child\" data-id=\"b9bc076\" data-element_type=\"container\" data-e-type=\"container\">\n\t\t\t\t<div class=\"elementor-element elementor-element-9e74414 elementor-invisible elementor-widget elementor-widget-image\" data-id=\"9e74414\" data-element_type=\"widget\" data-e-type=\"widget\" data-settings=\"{&quot;_animation&quot;:&quot;fadeIn&quot;}\" data-widget_type=\"image.default\">\n\t\t\t\t<div class=\"elementor-widget-container\">\n\t\t\t\t\t\t\t\t\t\t\t\t\t\t\t<img decoding=\"async\" src=\"https:\/\/imaq.com.co\/wp-content\/uploads\/2020\/06\/Inyectora-San-Shun-1.png\" title=\"\" alt=\"\" loading=\"lazy\" \/>\t\t\t\t\t\t\t\t\t\t\t\t\t\t\t<\/div>\n\t\t\t\t<\/div>\n\t\t\t\t<\/div>\n\t\t\t\t\t<\/div>\n\t\t\t\t<\/div>\n\t\t<div class=\"elementor-element elementor-element-cbaf63d e-flex e-con-boxed e-con e-parent\" data-id=\"cbaf63d\" data-element_type=\"container\" data-e-type=\"container\">\n\t\t\t\t\t<div class=\"e-con-inner\">\n\t\t\t\t<div class=\"elementor-element elementor-element-2b9a856 elementor-invisible elementor-widget elementor-widget-sina_brand_carousel\" data-id=\"2b9a856\" data-element_type=\"widget\" data-e-type=\"widget\" data-settings=\"{&quot;_animation&quot;:&quot;fadeIn&quot;}\" data-widget_type=\"sina_brand_carousel.default\">\n\t\t\t\t<div class=\"elementor-widget-container\">\n\t\t\t\t\t\t\t<div class=\"sina-brand-carousel owl-carousel\"\r\n\t\tdata-item-lg=\"5\"\r\n\t\tdata-item-md=\"2\"\r\n\t\tdata-item-sm=\"1\"\r\n\t\tdata-autoplay=\"yes\"\r\n\t\tdata-pause=\"yes\"\r\n\t\tdata-center=\"\"\r\n\t\tdata-slide-anim=\"\"\r\n\t\tdata-slide-anim-out=\"\"\r\n\t\tdata-nav=\"\" data-dots=\"\"\r\n\t\tdata-mouse-drag=\"yes\"\r\n\t\tdata-touch-drag=\"\"\r\n\t\tdata-loop=\"yes\"\r\n\t\tdata-speed=\"500\"\r\n\t\tdata-delay=\"5000\">\r\n\t\t\t\t\t\t\t\t\t\t\t\t<div class=\"sina-brand-item\">\r\n\t\t\t\t\t\t<div class=\"sina-brand-item-inner elementor-repeater-item-6261c4e\">\r\n\t\t\t\t\t\t\t<a >\r\n\t\t\t\t\t\t\t\t<img decoding=\"async\" src=\"https:\/\/xqimg.imedao.com\/17ba507aeb114e33fd70ebe2.jpg!800.jpg\" alt=\"NINGBO\">\r\n\t\t\t\t\t\t\t<\/a>\r\n\t\t\t\t\t\t<\/div>\r\n\t\t\t\t\t<\/div>\r\n\t\t\t\t\t\t\t\t\t\t\t\t\t\t\t\t<div class=\"sina-brand-item\">\r\n\t\t\t\t\t\t<div class=\"sina-brand-item-inner elementor-repeater-item-ce3add0\">\r\n\t\t\t\t\t\t\t<a >\r\n\t\t\t\t\t\t\t\t<img decoding=\"async\" src=\"https:\/\/cdn.theorg.com\/9d774989-4ea5-42f6-bba6-3ae2df516905_thumb.jpg\" alt=\"PHASE\">\r\n\t\t\t\t\t\t\t<\/a>\r\n\t\t\t\t\t\t<\/div>\r\n\t\t\t\t\t<\/div>\r\n\t\t\t\t\t\t\t\t\t\t\t\t\t\t\t\t<div class=\"sina-brand-item\">\r\n\t\t\t\t\t\t<div class=\"sina-brand-item-inner elementor-repeater-item-8de0c04\">\r\n\t\t\t\t\t\t\t<a >\r\n\t\t\t\t\t\t\t\t<img decoding=\"async\" src=\"https:\/\/images.seeklogo.com\/logo-png\/8\/2\/lg-electronics-logo-png_seeklogo-83711.png\" alt=\"LG\">\r\n\t\t\t\t\t\t\t<\/a>\r\n\t\t\t\t\t\t<\/div>\r\n\t\t\t\t\t<\/div>\r\n\t\t\t\t\t\t\t\t\t\t\t\t\t\t\t\t<div class=\"sina-brand-item\">\r\n\t\t\t\t\t\t<div class=\"sina-brand-item-inner elementor-repeater-item-bb63b3f\">\r\n\t\t\t\t\t\t\t<a >\r\n\t\t\t\t\t\t\t\t<img decoding=\"async\" src=\"https:\/\/www.imssupply.com\/productImages\/7\/2\/1\/8\/5\/E\/B\/72185EBF-F792-47C2-BF70-FFD1171A657A_02.JPG\" alt=\"GEFRAN\">\r\n\t\t\t\t\t\t\t<\/a>\r\n\t\t\t\t\t\t<\/div>\r\n\t\t\t\t\t<\/div>\r\n\t\t\t\t\t\t\t\t\t\t\t\t\t\t\t\t<div class=\"sina-brand-item\">\r\n\t\t\t\t\t\t<div class=\"sina-brand-item-inner elementor-repeater-item-aae5b25\">\r\n\t\t\t\t\t\t\t<a >\r\n\t\t\t\t\t\t\t\t<img decoding=\"async\" src=\"https:\/\/mindstec.com\/wp-content\/uploads\/2022\/05\/delta_250x250.png\" alt=\"Delta\">\r\n\t\t\t\t\t\t\t<\/a>\r\n\t\t\t\t\t\t<\/div>\r\n\t\t\t\t\t<\/div>\r\n\t\t\t\t\t\t\t\t\t\t\t\t\t\t\t\t<div class=\"sina-brand-item\">\r\n\t\t\t\t\t\t<div class=\"sina-brand-item-inner elementor-repeater-item-8cc837d\">\r\n\t\t\t\t\t\t\t<a >\r\n\t\t\t\t\t\t\t\t<img decoding=\"async\" src=\"https:\/\/www.techmation.ir\/uploads\/logo\/techmation_logo_200x200.png\" alt=\"Techmation\">\r\n\t\t\t\t\t\t\t<\/a>\r\n\t\t\t\t\t\t<\/div>\r\n\t\t\t\t\t<\/div>\r\n\t\t\t\t\t\t\t\t\t\t\t\t\t\t\t\t<div class=\"sina-brand-item\">\r\n\t\t\t\t\t\t<div class=\"sina-brand-item-inner elementor-repeater-item-fbcb668\">\r\n\t\t\t\t\t\t\t<a >\r\n\t\t\t\t\t\t\t\t<img decoding=\"async\" src=\"https:\/\/imaq.com.co\/wp-content\/uploads\/2025\/03\/higt-tech2.jpg\" alt=\"HIGH TECH\">\r\n\t\t\t\t\t\t\t<\/a>\r\n\t\t\t\t\t\t<\/div>\r\n\t\t\t\t\t<\/div>\r\n\t\t\t\t\t\t\t\t\t\t\t\t\t\t\t\t<div class=\"sina-brand-item\">\r\n\t\t\t\t\t\t<div class=\"sina-brand-item-inner elementor-repeater-item-43d1cd8\">\r\n\t\t\t\t\t\t\t<a >\r\n\t\t\t\t\t\t\t\t<img decoding=\"async\" src=\"https:\/\/encrypted-tbn0.gstatic.com\/images?q=tbn:ANd9GcRmmsCACFQjYkUazgzxi8cnDZD7OigibHIH154OK1TZWqHqw32zBVs6_peE2etPYCBXHxU&#038;usqp=CAU\" alt=\"EATON\">\r\n\t\t\t\t\t\t\t<\/a>\r\n\t\t\t\t\t\t<\/div>\r\n\t\t\t\t\t<\/div>\r\n\t\t\t\t\t\t\t\t\t\t\t\t\t\t\t\t<div class=\"sina-brand-item\">\r\n\t\t\t\t\t\t<div class=\"sina-brand-item-inner elementor-repeater-item-236af97\">\r\n\t\t\t\t\t\t\t<a >\r\n\t\t\t\t\t\t\t\t<img decoding=\"async\" src=\"https:\/\/b2bindustry.net\/wp-content\/uploads\/INTERMOT-SRL-1x1-1-696x696.jpg\" alt=\"intermot\">\r\n\t\t\t\t\t\t\t<\/a>\r\n\t\t\t\t\t\t<\/div>\r\n\t\t\t\t\t<\/div>\r\n\t\t\t\t\t\t\t\t\t\t\t\t\t\t\t\t<div class=\"sina-brand-item\">\r\n\t\t\t\t\t\t<div class=\"sina-brand-item-inner elementor-repeater-item-82957c2\">\r\n\t\t\t\t\t\t\t<a >\r\n\t\t\t\t\t\t\t\t<img decoding=\"async\" src=\"https:\/\/brandlogos.net\/wp-content\/uploads\/2013\/05\/schneider-electric-eps-vector-logo.png\" alt=\"schneider electric\">\r\n\t\t\t\t\t\t\t<\/a>\r\n\t\t\t\t\t\t<\/div>\r\n\t\t\t\t\t<\/div>\r\n\t\t\t\t\t\t\t\t\t\t\t\t\t\t\t\t<div class=\"sina-brand-item\">\r\n\t\t\t\t\t\t<div class=\"sina-brand-item-inner elementor-repeater-item-8819683\">\r\n\t\t\t\t\t\t\t<a >\r\n\t\t\t\t\t\t\t\t<img decoding=\"async\" src=\"https:\/\/www.cncpd.com\/wp-content\/uploads\/2016\/10\/rexroth.jpg\" alt=\"Rexroth\">\r\n\t\t\t\t\t\t\t<\/a>\r\n\t\t\t\t\t\t<\/div>\r\n\t\t\t\t\t<\/div>\r\n\t\t\t\t\t\t\t\t\t\t\t\t\t\t\t\t<div class=\"sina-brand-item\">\r\n\t\t\t\t\t\t<div class=\"sina-brand-item-inner elementor-repeater-item-57e0692\">\r\n\t\t\t\t\t\t\t<a >\r\n\t\t\t\t\t\t\t\t<img decoding=\"async\" src=\"https:\/\/peoplenext.com\/wp-content\/uploads\/2022\/02\/siemens1.jpg\" alt=\"siemens\">\r\n\t\t\t\t\t\t\t<\/a>\r\n\t\t\t\t\t\t<\/div>\r\n\t\t\t\t\t<\/div>\r\n\t\t\t\t\t\t\t\t\t<\/div><!-- .sina-brand-carousel -->\r\n\t\t\t\t\t\t<\/div>\n\t\t\t\t<\/div>\n\t\t\t\t<div class=\"elementor-element elementor-element-a5099cb elementor-widget__width-initial elementor-invisible elementor-widget elementor-widget-text-editor\" data-id=\"a5099cb\" data-element_type=\"widget\" data-e-type=\"widget\" data-settings=\"{&quot;_animation&quot;:&quot;fadeIn&quot;}\" data-widget_type=\"text-editor.default\">\n\t\t\t\t<div class=\"elementor-widget-container\">\n\t\t\t\t\t\t\t\t\t<p><span style=\"vertical-align: inherit;\"><span style=\"vertical-align: inherit;\">Componentes<\/span><\/span><\/p>\t\t\t\t\t\t\t\t<\/div>\n\t\t\t\t<\/div>\n\t\t\t\t\t<\/div>\n\t\t\t\t<\/div>\n\t\t<div class=\"elementor-element elementor-element-df1b2bc e-flex e-con-boxed elementor-invisible e-con e-parent\" data-id=\"df1b2bc\" data-element_type=\"container\" data-e-type=\"container\" data-settings=\"{&quot;background_background&quot;:&quot;classic&quot;,&quot;animation&quot;:&quot;fadeIn&quot;}\">\n\t\t\t\t\t<div class=\"e-con-inner\">\n\t\t<div class=\"elementor-element elementor-element-e03be3b e-con-full e-flex e-con e-child\" data-id=\"e03be3b\" data-element_type=\"container\" data-e-type=\"container\">\n\t\t\t\t<div class=\"elementor-element elementor-element-f675541 elementor-invisible elementor-widget elementor-widget-heading\" data-id=\"f675541\" data-element_type=\"widget\" data-e-type=\"widget\" data-settings=\"{&quot;_animation&quot;:&quot;fadeIn&quot;}\" data-widget_type=\"heading.default\">\n\t\t\t\t<div class=\"elementor-widget-container\">\n\t\t\t\t\t<h2 class=\"elementor-heading-title elementor-size-default\">Moldes para Preformas Pet<\/h2>\t\t\t\t<\/div>\n\t\t\t\t<\/div>\n\t\t\t\t<div class=\"elementor-element elementor-element-834e3a7 elementor-widget elementor-widget-image\" data-id=\"834e3a7\" data-element_type=\"widget\" data-e-type=\"widget\" data-widget_type=\"image.default\">\n\t\t\t\t<div class=\"elementor-widget-container\">\n\t\t\t\t\t\t\t\t\t\t\t\t\t\t\t<img decoding=\"async\" src=\"https:\/\/imaq.com.co\/wp-content\/uploads\/2020\/06\/Molde-preforma.png\" title=\"\" alt=\"\" loading=\"lazy\" \/>\t\t\t\t\t\t\t\t\t\t\t\t\t\t\t<\/div>\n\t\t\t\t<\/div>\n\t\t\t\t<\/div>\n\t\t<div class=\"elementor-element elementor-element-4d8b9f5 e-con-full e-flex e-con e-child\" data-id=\"4d8b9f5\" data-element_type=\"container\" data-e-type=\"container\">\n\t\t\t\t<div class=\"elementor-element elementor-element-b01e770 elementor-invisible elementor-widget elementor-widget-image\" data-id=\"b01e770\" data-element_type=\"widget\" data-e-type=\"widget\" data-settings=\"{&quot;_animation&quot;:&quot;fadeIn&quot;}\" data-widget_type=\"image.default\">\n\t\t\t\t<div class=\"elementor-widget-container\">\n\t\t\t\t\t\t\t\t\t\t\t\t\t\t\t<img decoding=\"async\" src=\"https:\/\/imaq.com.co\/wp-content\/uploads\/2020\/06\/Inyectora-138.png\" title=\"\" alt=\"\" loading=\"lazy\" \/>\t\t\t\t\t\t\t\t\t\t\t\t\t\t\t<\/div>\n\t\t\t\t<\/div>\n\t\t\t\t<\/div>\n\t\t\t\t\t<\/div>\n\t\t\t\t<\/div>\n\t\t<div class=\"elementor-element elementor-element-435c5e5 e-flex e-con-boxed e-con e-parent\" data-id=\"435c5e5\" data-element_type=\"container\" data-e-type=\"container\">\n\t\t\t\t\t<div class=\"e-con-inner\">\n\t\t\t\t<div class=\"elementor-element elementor-element-8305a1a elementor-invisible elementor-widget elementor-widget-sina_brand_carousel\" data-id=\"8305a1a\" data-element_type=\"widget\" data-e-type=\"widget\" data-settings=\"{&quot;_animation&quot;:&quot;fadeIn&quot;}\" data-widget_type=\"sina_brand_carousel.default\">\n\t\t\t\t<div class=\"elementor-widget-container\">\n\t\t\t\t\t\t\t<div class=\"sina-brand-carousel owl-carousel\"\r\n\t\tdata-item-lg=\"4\"\r\n\t\tdata-item-md=\"2\"\r\n\t\tdata-item-sm=\"1\"\r\n\t\tdata-autoplay=\"yes\"\r\n\t\tdata-pause=\"yes\"\r\n\t\tdata-center=\"\"\r\n\t\tdata-slide-anim=\"\"\r\n\t\tdata-slide-anim-out=\"\"\r\n\t\tdata-nav=\"\" data-dots=\"\"\r\n\t\tdata-mouse-drag=\"yes\"\r\n\t\tdata-touch-drag=\"\"\r\n\t\tdata-loop=\"yes\"\r\n\t\tdata-speed=\"500\"\r\n\t\tdata-delay=\"5000\">\r\n\t\t\t\t\t\t\t\t\t\t\t\t<div class=\"sina-brand-item\">\r\n\t\t\t\t\t\t<div class=\"sina-brand-item-inner elementor-repeater-item-82957c2\">\r\n\t\t\t\t\t\t\t<a >\r\n\t\t\t\t\t\t\t\t<img decoding=\"async\" src=\"https:\/\/brandlogos.net\/wp-content\/uploads\/2013\/05\/schneider-electric-eps-vector-logo.png\" alt=\"schneider electric\">\r\n\t\t\t\t\t\t\t<\/a>\r\n\t\t\t\t\t\t<\/div>\r\n\t\t\t\t\t<\/div>\r\n\t\t\t\t\t\t\t\t\t\t\t\t\t\t\t\t<div class=\"sina-brand-item\">\r\n\t\t\t\t\t\t<div class=\"sina-brand-item-inner elementor-repeater-item-8819683\">\r\n\t\t\t\t\t\t\t<a >\r\n\t\t\t\t\t\t\t\t<img decoding=\"async\" src=\"https:\/\/www.cncpd.com\/wp-content\/uploads\/2016\/10\/rexroth.jpg\" alt=\"Rexroth\">\r\n\t\t\t\t\t\t\t<\/a>\r\n\t\t\t\t\t\t<\/div>\r\n\t\t\t\t\t<\/div>\r\n\t\t\t\t\t\t\t\t\t\t\t\t\t\t\t\t<div class=\"sina-brand-item\">\r\n\t\t\t\t\t\t<div class=\"sina-brand-item-inner elementor-repeater-item-bb63b3f\">\r\n\t\t\t\t\t\t\t<a >\r\n\t\t\t\t\t\t\t\t<img decoding=\"async\" src=\"https:\/\/www.imssupply.com\/productImages\/7\/2\/1\/8\/5\/E\/B\/72185EBF-F792-47C2-BF70-FFD1171A657A_02.JPG\" alt=\"GEFRAN\">\r\n\t\t\t\t\t\t\t<\/a>\r\n\t\t\t\t\t\t<\/div>\r\n\t\t\t\t\t<\/div>\r\n\t\t\t\t\t\t\t\t\t\t\t\t\t\t\t\t<div class=\"sina-brand-item\">\r\n\t\t\t\t\t\t<div class=\"sina-brand-item-inner elementor-repeater-item-3bdee3f\">\r\n\t\t\t\t\t\t\t<a >\r\n\t\t\t\t\t\t\t\t<img decoding=\"async\" src=\"https:\/\/cdn1.vogel.de\/4eCbwrM89MMrYxGNAx5XqZNh8L8=\/fit-in\/300x300\/filters:format(png):fill(fff,0)\/images.vogel.de\/vogelonline\/companyimg\/20800\/20842\/65.jpg\" alt=\"novotechnik\">\r\n\t\t\t\t\t\t\t<\/a>\r\n\t\t\t\t\t\t<\/div>\r\n\t\t\t\t\t<\/div>\r\n\t\t\t\t\t\t\t\t\t\t\t\t\t\t\t\t<div class=\"sina-brand-item\">\r\n\t\t\t\t\t\t<div class=\"sina-brand-item-inner elementor-repeater-item-d60e660\">\r\n\t\t\t\t\t\t\t<a >\r\n\t\t\t\t\t\t\t\t<img decoding=\"async\" src=\"https:\/\/media.cakeresume.com\/image\/upload\/s--fjHcGQ0O--\/c_pad,fl_png8,h_400,w_400\/v1698412031\/y9viewiyh8gi6sfmkh6m.png\" alt=\"mirle\">\r\n\t\t\t\t\t\t\t<\/a>\r\n\t\t\t\t\t\t<\/div>\r\n\t\t\t\t\t<\/div>\r\n\t\t\t\t\t\t\t\t\t\t\t\t\t\t\t\t<div class=\"sina-brand-item\">\r\n\t\t\t\t\t\t<div class=\"sina-brand-item-inner elementor-repeater-item-09f72a6\">\r\n\t\t\t\t\t\t\t<a >\r\n\t\t\t\t\t\t\t\t<img decoding=\"async\" src=\"https:\/\/logodix.com\/logo\/1979519.png\" alt=\"vickers\">\r\n\t\t\t\t\t\t\t<\/a>\r\n\t\t\t\t\t\t<\/div>\r\n\t\t\t\t\t<\/div>\r\n\t\t\t\t\t\t\t\t\t\t\t\t\t\t\t\t<div class=\"sina-brand-item\">\r\n\t\t\t\t\t\t<div class=\"sina-brand-item-inner elementor-repeater-item-5aec6aa\">\r\n\t\t\t\t\t\t\t<a >\r\n\t\t\t\t\t\t\t\t<img decoding=\"async\" src=\"https:\/\/encrypted-tbn0.gstatic.com\/images?q=tbn:ANd9GcTVMAzAqdB2c_8D_9XNiHdIbBGF9-WbqXIYbA&#038;s\" alt=\"hallite\">\r\n\t\t\t\t\t\t\t<\/a>\r\n\t\t\t\t\t\t<\/div>\r\n\t\t\t\t\t<\/div>\r\n\t\t\t\t\t\t\t\t\t\t\t\t\t\t\t\t<div class=\"sina-brand-item\">\r\n\t\t\t\t\t\t<div class=\"sina-brand-item-inner elementor-repeater-item-3697f5d\">\r\n\t\t\t\t\t\t\t<a >\r\n\t\t\t\t\t\t\t\t<img decoding=\"async\" src=\"https:\/\/p3-pc.douyinpic.com\/aweme\/100x100\/aweme-avatar\/tos-cn-i-0813c001_oA0Ed3JmAzvkqDQjt8fAg7IheANXAPqtAACyAd.jpeg?from=327834062\" alt=\"herg\">\r\n\t\t\t\t\t\t\t<\/a>\r\n\t\t\t\t\t\t<\/div>\r\n\t\t\t\t\t<\/div>\r\n\t\t\t\t\t\t\t\t\t\t\t\t\t\t\t\t<div class=\"sina-brand-item\">\r\n\t\t\t\t\t\t<div class=\"sina-brand-item-inner elementor-repeater-item-dc0d73e\">\r\n\t\t\t\t\t\t\t<a >\r\n\t\t\t\t\t\t\t\t<img decoding=\"async\" src=\"https:\/\/www.haikanbuhin.com\/images\/contents\/maker\/detail\/maker_image_1497.jpg\" alt=\"Yuken\">\r\n\t\t\t\t\t\t\t<\/a>\r\n\t\t\t\t\t\t<\/div>\r\n\t\t\t\t\t<\/div>\r\n\t\t\t\t\t\t\t\t\t<\/div><!-- .sina-brand-carousel -->\r\n\t\t\t\t\t\t<\/div>\n\t\t\t\t<\/div>\n\t\t\t\t<div class=\"elementor-element elementor-element-af202ad elementor-widget__width-initial elementor-invisible elementor-widget elementor-widget-text-editor\" data-id=\"af202ad\" data-element_type=\"widget\" data-e-type=\"widget\" data-settings=\"{&quot;_animation&quot;:&quot;fadeIn&quot;}\" data-widget_type=\"text-editor.default\">\n\t\t\t\t<div class=\"elementor-widget-container\">\n\t\t\t\t\t\t\t\t\t<p><span style=\"vertical-align: inherit;\"><span style=\"vertical-align: inherit;\"><span style=\"vertical-align: inherit;\"><span style=\"vertical-align: inherit;\"><span style=\"vertical-align: inherit;\"><span style=\"vertical-align: inherit;\">Componentes<\/span><\/span><\/span><\/span><\/span><\/span><\/p>\t\t\t\t\t\t\t\t<\/div>\n\t\t\t\t<\/div>\n\t\t\t\t\t<\/div>\n\t\t\t\t<\/div>\n\t\t\t\t<\/div>\n\t\t","protected":false},"excerpt":{"rendered":"<p>Inyecci\u00f3n Maquinas de moldeo por extrusi\u00f3n Inyecci\u00f3n Disponibles entre 60T a 4000T Maquinas inyectoras de alta velocidad (para paredes delgadas) Maquinas doble tornillo Maquinas totalmente electricas Maquinas doble platina Componentes Moldes para Preformas Pet Componentes<\/p>\n","protected":false},"author":1,"featured_media":0,"parent":0,"menu_order":0,"comment_status":"closed","ping_status":"closed","template":"","meta":{"_monsterinsights_skip_tracking":false,"_monsterinsights_sitenote_active":false,"_monsterinsights_sitenote_note":"","_monsterinsights_sitenote_category":0,"footnotes":""},"class_list":["post-210","page","type-page","status-publish","hentry"],"aioseo_notices":[],"_hostinger_reach_plugin_has_subscription_block":false,"_hostinger_reach_plugin_is_elementor":false,"rttpg_featured_image_url":null,"rttpg_author":{"display_name":"vladimir.tobar.escobar","author_link":"https:\/\/imaq.com.co\/?author=1"},"rttpg_comment":0,"rttpg_category":null,"rttpg_excerpt":"Inyecci\u00f3n Maquinas de moldeo por extrusi\u00f3n Inyecci\u00f3n Disponibles entre 60T a 4000T Maquinas inyectoras de alta velocidad (para paredes delgadas) Maquinas doble tornillo Maquinas totalmente electricas Maquinas doble platina Componentes Moldes para Preformas Pet Componentes","_links":{"self":[{"href":"https:\/\/imaq.com.co\/index.php?rest_route=\/wp\/v2\/pages\/210","targetHints":{"allow":["GET"]}}],"collection":[{"href":"https:\/\/imaq.com.co\/index.php?rest_route=\/wp\/v2\/pages"}],"about":[{"href":"https:\/\/imaq.com.co\/index.php?rest_route=\/wp\/v2\/types\/page"}],"author":[{"embeddable":true,"href":"https:\/\/imaq.com.co\/index.php?rest_route=\/wp\/v2\/users\/1"}],"replies":[{"embeddable":true,"href":"https:\/\/imaq.com.co\/index.php?rest_route=%2Fwp%2Fv2%2Fcomments&post=210"}],"version-history":[{"count":33,"href":"https:\/\/imaq.com.co\/index.php?rest_route=\/wp\/v2\/pages\/210\/revisions"}],"predecessor-version":[{"id":1471,"href":"https:\/\/imaq.com.co\/index.php?rest_route=\/wp\/v2\/pages\/210\/revisions\/1471"}],"wp:attachment":[{"href":"https:\/\/imaq.com.co\/index.php?rest_route=%2Fwp%2Fv2%2Fmedia&parent=210"}],"curies":[{"name":"wp","href":"https:\/\/api.w.org\/{rel}","templated":true}]}}