{"id":1593,"date":"2026-02-27T19:08:39","date_gmt":"2026-02-27T19:08:39","guid":{"rendered":"https:\/\/imaq.com.co\/?page_id=1593"},"modified":"2026-02-27T19:12:48","modified_gmt":"2026-02-27T19:12:48","slug":"linea-etica-anticorrupcion","status":"publish","type":"page","link":"https:\/\/imaq.com.co\/?page_id=1593","title":{"rendered":"L\u00ednea  Etica Anticorrupci\u00f3n"},"content":{"rendered":"\n<p><strong>INTEGRIDAD, ANTICORRUPCI\u00d3N Y CONDUCTA \u00c9TICA EMPRESARIAL<\/strong><strong><\/strong><\/p>\n\n\n\n<p>En<strong><em>&nbsp;<\/em><\/strong><strong>IMAQ SAS<\/strong><strong><em>&nbsp;<\/em><\/strong>actuamos con integridad, transparencia y responsabilidad en todas nuestras relaciones comerciales e institucionales.<\/p>\n\n\n\n<p>Declaramos una posici\u00f3n firme de rechazo frente al soborno, la corrupci\u00f3n y cualquier pr\u00e1ctica comercial poco \u00e9tica, independientemente del pa\u00eds donde operemos o de las circunstancias comerciales existentes.<\/p>\n\n\n\n<p>Nuestra conducta empresarial se fundamenta en el cumplimiento de la legislaci\u00f3n Colombiana aplicable y en est\u00e1ndares internacionales de integridad, incluyendo la Convenci\u00f3n de las Naciones Unidas contra la Corrupci\u00f3n y las recomendaciones de la Organizaci\u00f3n para la Cooperaci\u00f3n y el Desarrollo Econ\u00f3micos.<\/p>\n\n\n\n<p>Por tanto, IMAQ SAS se compromete a:<\/p>\n\n\n\n<ul class=\"wp-block-list\">\n<li>No ofrecer, prometer, autorizar ni aceptar beneficios indebidos de ninguna naturaleza.<\/li>\n<\/ul>\n\n\n\n<ul class=\"wp-block-list\">\n<li>Actuar con honestidad y buena fe en todas las negociaciones y transacciones.<\/li>\n<\/ul>\n\n\n\n<ul class=\"wp-block-list\">\n<li>Prevenir conflictos de inter\u00e9s que puedan afectar la objetividad en la toma de decisiones.<\/li>\n<\/ul>\n\n\n\n<ul class=\"wp-block-list\">\n<li>Mantener registros financieros y comerciales veraces y transparentes.<\/li>\n<\/ul>\n\n\n\n<ul class=\"wp-block-list\">\n<li>Promover una cultura organizacional basada en la \u00e9tica, la legalidad y la rendici\u00f3n de cuentas.<\/li>\n<\/ul>\n\n\n\n<p><\/p>\n\n\n\n<p><\/p>\n\n\n\n<p><\/p>\n\n\n\n<p>Denuncia total confidencialidad al correo:<\/p>\n\n\n\n<p>Lineaetica@imaq.com.co<\/p>\n\n\n\n<p><\/p>\n\n\n\n<p><\/p>\n\n\n\n<p><strong>VLADIMIR TOBAR ESCOBAR<\/strong><strong><\/strong><\/p>\n\n\n\n<p><strong>Representante Legal<\/strong><em><\/em><\/p>\n","protected":false},"excerpt":{"rendered":"<p>INTEGRIDAD, ANTICORRUPCI\u00d3N Y CONDUCTA \u00c9TICA EMPRESARIAL En&nbsp;IMAQ SAS&nbsp;actuamos con integridad, transparencia y responsabilidad en todas nuestras relaciones comerciales e institucionales. Declaramos una posici\u00f3n firme de rechazo frente al soborno, la corrupci\u00f3n y cualquier pr\u00e1ctica comercial poco \u00e9tica, independientemente del pa\u00eds donde operemos o de las circunstancias comerciales existentes. Nuestra conducta empresarial se fundamenta en el [&hellip;]<\/p>\n","protected":false},"author":1,"featured_media":0,"parent":0,"menu_order":0,"comment_status":"closed","ping_status":"closed","template":"","meta":{"_monsterinsights_skip_tracking":false,"_monsterinsights_sitenote_active":false,"_monsterinsights_sitenote_note":"","_monsterinsights_sitenote_category":0,"footnotes":""},"class_list":["post-1593","page","type-page","status-publish","hentry"],"aioseo_notices":[],"_hostinger_reach_plugin_has_subscription_block":false,"_hostinger_reach_plugin_is_elementor":false,"rttpg_featured_image_url":null,"rttpg_author":{"display_name":"vladimir.tobar.escobar","author_link":"https:\/\/imaq.com.co\/?author=1"},"rttpg_comment":0,"rttpg_category":null,"rttpg_excerpt":"INTEGRIDAD, ANTICORRUPCI\u00d3N Y CONDUCTA \u00c9TICA EMPRESARIAL En&nbsp;IMAQ SAS&nbsp;actuamos con integridad, transparencia y responsabilidad en todas nuestras relaciones comerciales e institucionales. Declaramos una posici\u00f3n firme de rechazo frente al soborno, la corrupci\u00f3n y cualquier pr\u00e1ctica comercial poco \u00e9tica, independientemente del pa\u00eds donde operemos o de las circunstancias comerciales existentes. Nuestra conducta empresarial se fundamenta en el&hellip;","_links":{"self":[{"href":"https:\/\/imaq.com.co\/index.php?rest_route=\/wp\/v2\/pages\/1593","targetHints":{"allow":["GET"]}}],"collection":[{"href":"https:\/\/imaq.com.co\/index.php?rest_route=\/wp\/v2\/pages"}],"about":[{"href":"https:\/\/imaq.com.co\/index.php?rest_route=\/wp\/v2\/types\/page"}],"author":[{"embeddable":true,"href":"https:\/\/imaq.com.co\/index.php?rest_route=\/wp\/v2\/users\/1"}],"replies":[{"embeddable":true,"href":"https:\/\/imaq.com.co\/index.php?rest_route=%2Fwp%2Fv2%2Fcomments&post=1593"}],"version-history":[{"count":4,"href":"https:\/\/imaq.com.co\/index.php?rest_route=\/wp\/v2\/pages\/1593\/revisions"}],"predecessor-version":[{"id":1599,"href":"https:\/\/imaq.com.co\/index.php?rest_route=\/wp\/v2\/pages\/1593\/revisions\/1599"}],"wp:attachment":[{"href":"https:\/\/imaq.com.co\/index.php?rest_route=%2Fwp%2Fv2%2Fmedia&parent=1593"}],"curies":[{"name":"wp","href":"https:\/\/api.w.org\/{rel}","templated":true}]}}