{"id":1100,"date":"2025-03-21T05:27:26","date_gmt":"2025-03-21T05:27:26","guid":{"rendered":"https:\/\/imaq.com.co\/?page_id=1100"},"modified":"2025-11-06T17:14:36","modified_gmt":"2025-11-06T17:14:36","slug":"acerca-de-imaq","status":"publish","type":"page","link":"https:\/\/imaq.com.co\/?page_id=1100","title":{"rendered":"Acerca De IMAQ"},"content":{"rendered":"\t\t<div data-elementor-type=\"wp-page\" data-elementor-id=\"1100\" class=\"elementor elementor-1100\" data-elementor-post-type=\"page\">\n\t\t\t\t<div class=\"elementor-element elementor-element-622bb0de e-con-full e-flex e-con e-parent\" data-id=\"622bb0de\" data-element_type=\"container\" data-e-type=\"container\" data-settings=\"{&quot;background_background&quot;:&quot;classic&quot;}\">\n\t\t<div class=\"elementor-element elementor-element-18068137 e-con-full e-flex e-con e-child\" data-id=\"18068137\" data-element_type=\"container\" data-e-type=\"container\">\n\t\t\t\t<div class=\"elementor-element elementor-element-506cf59d elementor-invisible elementor-widget elementor-widget-heading\" data-id=\"506cf59d\" data-element_type=\"widget\" data-e-type=\"widget\" data-settings=\"{&quot;_animation&quot;:&quot;fadeIn&quot;}\" data-widget_type=\"heading.default\">\n\t\t\t\t<div class=\"elementor-widget-container\">\n\t\t\t\t\t<h2 class=\"elementor-heading-title elementor-size-default\">Misi\u00f3n <\/h2>\t\t\t\t<\/div>\n\t\t\t\t<\/div>\n\t\t\t\t<div class=\"elementor-element elementor-element-327ceae9 elementor-invisible elementor-widget elementor-widget-text-editor\" data-id=\"327ceae9\" data-element_type=\"widget\" data-e-type=\"widget\" data-settings=\"{&quot;_animation&quot;:&quot;fadeIn&quot;}\" data-widget_type=\"text-editor.default\">\n\t\t\t\t<div class=\"elementor-widget-container\">\n\t\t\t\t\t\t\t\t\t<p><span style=\"vertical-align: inherit;\"><span style=\"vertical-align: inherit;\">IMAQ SAS es una empresa generadora de conocimientos a trav\u00e9s del desarrollo e implementaci\u00f3n de tecnolog\u00edas de punta enfocadas en el avance de la industria, mejora de los procesos, aumento de la eficiencia. Nuestra maquinaria y servicios de ingenier\u00eda parten de la necesidad puntual de cada cliente al cual acompa\u00f1amos y asesoramos de manera detallada garantizando el mejor resultado en el proceso.<\/span><\/span><\/p>\t\t\t\t\t\t\t\t<\/div>\n\t\t\t\t<\/div>\n\t\t\t\t<\/div>\n\t\t\t\t<div class=\"elementor-element elementor-element-21c19177 elementor-widget__width-initial elementor-widget-tablet__width-inherit elementor-invisible elementor-widget elementor-widget-image\" data-id=\"21c19177\" data-element_type=\"widget\" data-e-type=\"widget\" data-settings=\"{&quot;_animation&quot;:&quot;fadeIn&quot;}\" data-widget_type=\"image.default\">\n\t\t\t\t<div class=\"elementor-widget-container\">\n\t\t\t\t\t\t\t\t\t\t\t\t\t\t\t<img decoding=\"async\" src=\"https:\/\/www.integralshipping.com\/wp-content\/uploads\/2017\/11\/Mision-Integral-Shipping-company-02.jpg\" title=\"\" alt=\"\" loading=\"lazy\" \/>\t\t\t\t\t\t\t\t\t\t\t\t\t\t\t<\/div>\n\t\t\t\t<\/div>\n\t\t\t\t<\/div>\n\t\t<div class=\"elementor-element elementor-element-c83521d e-con-full e-flex e-con e-parent\" data-id=\"c83521d\" data-element_type=\"container\" data-e-type=\"container\" data-settings=\"{&quot;background_background&quot;:&quot;classic&quot;}\">\n\t\t<div class=\"elementor-element elementor-element-d5485d4 e-con-full e-flex e-con e-child\" data-id=\"d5485d4\" data-element_type=\"container\" data-e-type=\"container\">\n\t\t\t\t<div class=\"elementor-element elementor-element-afc7b76 elementor-invisible elementor-widget elementor-widget-heading\" data-id=\"afc7b76\" data-element_type=\"widget\" data-e-type=\"widget\" data-settings=\"{&quot;_animation&quot;:&quot;fadeIn&quot;}\" data-widget_type=\"heading.default\">\n\t\t\t\t<div class=\"elementor-widget-container\">\n\t\t\t\t\t<h2 class=\"elementor-heading-title elementor-size-default\">Visi\u00f3n<\/h2>\t\t\t\t<\/div>\n\t\t\t\t<\/div>\n\t\t\t\t<div class=\"elementor-element elementor-element-f833bf0 elementor-invisible elementor-widget elementor-widget-text-editor\" data-id=\"f833bf0\" data-element_type=\"widget\" data-e-type=\"widget\" data-settings=\"{&quot;_animation&quot;:&quot;fadeIn&quot;}\" data-widget_type=\"text-editor.default\">\n\t\t\t\t<div class=\"elementor-widget-container\">\n\t\t\t\t\t\t\t\t\t<p style=\"text-align: left;\">Ser la empresa l\u00edder e innovadora en el desarrollo e implementaci\u00f3n de soluciones electr\u00f3nicas inteligentes y sostenibles a nivel nacional, transformando la industria y la vida cotidiana a trav\u00e9s de la automatizaci\u00f3n avanzada, las telecomunicaciones de vanguardia y maquinaria de ultima tecnolog\u00eda para el sector industrial. Buscamos ser reconocidos por nuestra excelencia t\u00e9cnica, responsabilidad social y contribuci\u00f3n activa al progreso tecnol\u00f3gico.<\/p>\t\t\t\t\t\t\t\t<\/div>\n\t\t\t\t<\/div>\n\t\t\t\t<\/div>\n\t\t\t\t<div class=\"elementor-element elementor-element-6aa2507 elementor-widget__width-initial elementor-widget-tablet__width-inherit elementor-invisible elementor-widget elementor-widget-image\" data-id=\"6aa2507\" data-element_type=\"widget\" data-e-type=\"widget\" data-settings=\"{&quot;_animation&quot;:&quot;fadeIn&quot;}\" data-widget_type=\"image.default\">\n\t\t\t\t<div class=\"elementor-widget-container\">\n\t\t\t\t\t\t\t\t\t\t\t\t\t\t\t<img decoding=\"async\" src=\"https:\/\/st2.depositphotos.com\/18722762\/47903\/v\/450\/depositphotos_479033412-stock-illustration-business-vision-target-holding-binoculars.jpg\" title=\"\" alt=\"\" loading=\"lazy\" \/>\t\t\t\t\t\t\t\t\t\t\t\t\t\t\t<\/div>\n\t\t\t\t<\/div>\n\t\t\t\t<\/div>\n\t\t<div class=\"elementor-element elementor-element-5f85d22 e-con-full e-flex e-con e-parent\" data-id=\"5f85d22\" data-element_type=\"container\" data-e-type=\"container\" data-settings=\"{&quot;background_background&quot;:&quot;classic&quot;}\">\n\t\t\t\t<div class=\"elementor-element elementor-element-90a1f25 elementor-invisible elementor-widget elementor-widget-heading\" data-id=\"90a1f25\" data-element_type=\"widget\" data-e-type=\"widget\" data-settings=\"{&quot;_animation&quot;:&quot;fadeIn&quot;}\" data-widget_type=\"heading.default\">\n\t\t\t\t<div class=\"elementor-widget-container\">\n\t\t\t\t\t<h2 class=\"elementor-heading-title elementor-size-default\">Nuestro Staff<\/h2>\t\t\t\t<\/div>\n\t\t\t\t<\/div>\n\t\t\t\t<\/div>\n\t\t<div class=\"elementor-element elementor-element-b38a8e3 e-flex e-con-boxed e-con e-parent\" data-id=\"b38a8e3\" data-element_type=\"container\" data-e-type=\"container\">\n\t\t\t\t\t<div class=\"e-con-inner\">\n\t\t<div class=\"elementor-element elementor-element-043a3a8 e-con-full e-flex elementor-invisible e-con e-child\" data-id=\"043a3a8\" data-element_type=\"container\" data-e-type=\"container\" data-settings=\"{&quot;animation&quot;:&quot;fadeIn&quot;}\">\n\t\t\t\t<div class=\"elementor-element elementor-element-46a246a elementor-widget elementor-widget-image\" data-id=\"46a246a\" data-element_type=\"widget\" data-e-type=\"widget\" data-widget_type=\"image.default\">\n\t\t\t\t<div class=\"elementor-widget-container\">\n\t\t\t\t\t\t\t\t\t\t\t\t\t\t\t<img fetchpriority=\"high\" decoding=\"async\" width=\"799\" height=\"911\" src=\"https:\/\/imaq.com.co\/wp-content\/uploads\/2020\/08\/PAOLA-A.png\" class=\"attachment-large size-large wp-image-472\" alt=\"\" srcset=\"https:\/\/imaq.com.co\/wp-content\/uploads\/2020\/08\/PAOLA-A.png 799w, https:\/\/imaq.com.co\/wp-content\/uploads\/2020\/08\/PAOLA-A-263x300.png 263w, https:\/\/imaq.com.co\/wp-content\/uploads\/2020\/08\/PAOLA-A-768x876.png 768w\" sizes=\"(max-width: 799px) 100vw, 799px\" \/>\t\t\t\t\t\t\t\t\t\t\t\t\t\t\t<\/div>\n\t\t\t\t<\/div>\n\t\t\t\t<div class=\"elementor-element elementor-element-29f9bd0 elementor-widget elementor-widget-heading\" data-id=\"29f9bd0\" data-element_type=\"widget\" data-e-type=\"widget\" data-widget_type=\"heading.default\">\n\t\t\t\t<div class=\"elementor-widget-container\">\n\t\t\t\t\t<h2 class=\"elementor-heading-title elementor-size-default\">Paola A. Mejia<\/h2>\t\t\t\t<\/div>\n\t\t\t\t<\/div>\n\t\t\t\t<div class=\"elementor-element elementor-element-b6d81ee elementor-widget elementor-widget-text-editor\" data-id=\"b6d81ee\" data-element_type=\"widget\" data-e-type=\"widget\" data-widget_type=\"text-editor.default\">\n\t\t\t\t<div class=\"elementor-widget-container\">\n\t\t\t\t\t\t\t\t\t<p>Directora Administrativa<\/p><p>paola.mejia@imaq.com.co<\/p>\t\t\t\t\t\t\t\t<\/div>\n\t\t\t\t<\/div>\n\t\t\t\t<\/div>\n\t\t\t\t<div class=\"elementor-element elementor-element-1e38131 elementor-widget elementor-widget-spacer\" data-id=\"1e38131\" data-element_type=\"widget\" data-e-type=\"widget\" data-widget_type=\"spacer.default\">\n\t\t\t\t<div class=\"elementor-widget-container\">\n\t\t\t\t\t\t\t<div class=\"elementor-spacer\">\n\t\t\t<div class=\"elementor-spacer-inner\"><\/div>\n\t\t<\/div>\n\t\t\t\t\t\t<\/div>\n\t\t\t\t<\/div>\n\t\t<div class=\"elementor-element elementor-element-5c8791d e-con-full e-flex elementor-invisible e-con e-child\" data-id=\"5c8791d\" data-element_type=\"container\" data-e-type=\"container\" data-settings=\"{&quot;animation&quot;:&quot;fadeIn&quot;}\">\n\t\t\t\t<div class=\"elementor-element elementor-element-1c740f7 elementor-widget elementor-widget-image\" data-id=\"1c740f7\" data-element_type=\"widget\" data-e-type=\"widget\" data-widget_type=\"image.default\">\n\t\t\t\t<div class=\"elementor-widget-container\">\n\t\t\t\t\t\t\t\t\t\t\t\t\t\t\t<img decoding=\"async\" width=\"512\" height=\"602\" src=\"https:\/\/imaq.com.co\/wp-content\/uploads\/2021\/06\/vladimir-en-sitio-1.jpeg\" class=\"attachment-large size-large wp-image-688\" alt=\"\" srcset=\"https:\/\/imaq.com.co\/wp-content\/uploads\/2021\/06\/vladimir-en-sitio-1.jpeg 512w, https:\/\/imaq.com.co\/wp-content\/uploads\/2021\/06\/vladimir-en-sitio-1-255x300.jpeg 255w\" sizes=\"(max-width: 512px) 100vw, 512px\" \/>\t\t\t\t\t\t\t\t\t\t\t\t\t\t\t<\/div>\n\t\t\t\t<\/div>\n\t\t\t\t<div class=\"elementor-element elementor-element-fa757f3 elementor-widget elementor-widget-heading\" data-id=\"fa757f3\" data-element_type=\"widget\" data-e-type=\"widget\" data-widget_type=\"heading.default\">\n\t\t\t\t<div class=\"elementor-widget-container\">\n\t\t\t\t\t<h2 class=\"elementor-heading-title elementor-size-default\">Vladimir Tobar<\/h2>\t\t\t\t<\/div>\n\t\t\t\t<\/div>\n\t\t\t\t<div class=\"elementor-element elementor-element-a5f84bd elementor-widget elementor-widget-text-editor\" data-id=\"a5f84bd\" data-element_type=\"widget\" data-e-type=\"widget\" data-widget_type=\"text-editor.default\">\n\t\t\t\t<div class=\"elementor-widget-container\">\n\t\t\t\t\t\t\t\t\t<p><span style=\"vertical-align: inherit;\"><span style=\"vertical-align: inherit;\">Gerente Dpto T\u00e9cnico<\/span><\/span><\/p><p><span style=\"vertical-align: inherit;\"><span style=\"vertical-align: inherit;\">vladimir.tobar@imaq.com.co\u00a0<\/span><\/span><\/p><p>\u00a0<\/p>\t\t\t\t\t\t\t\t<\/div>\n\t\t\t\t<\/div>\n\t\t\t\t<\/div>\n\t\t\t\t\t<\/div>\n\t\t\t\t<\/div>\n\t\t\t\t<\/div>\n\t\t","protected":false},"excerpt":{"rendered":"<p>Misi\u00f3n IMAQ SAS es una empresa generadora de conocimientos a trav\u00e9s del desarrollo e implementaci\u00f3n de tecnolog\u00edas de punta enfocadas en el avance de la industria, mejora de los procesos, aumento de la eficiencia. Nuestra maquinaria y servicios de ingenier\u00eda parten de la necesidad puntual de cada cliente al cual acompa\u00f1amos y asesoramos de manera [&hellip;]<\/p>\n","protected":false},"author":1,"featured_media":0,"parent":0,"menu_order":0,"comment_status":"closed","ping_status":"closed","template":"","meta":{"_monsterinsights_skip_tracking":false,"_monsterinsights_sitenote_active":false,"_monsterinsights_sitenote_note":"","_monsterinsights_sitenote_category":0,"footnotes":""},"class_list":["post-1100","page","type-page","status-publish","hentry"],"aioseo_notices":[],"_hostinger_reach_plugin_has_subscription_block":false,"_hostinger_reach_plugin_is_elementor":false,"rttpg_featured_image_url":null,"rttpg_author":{"display_name":"vladimir.tobar.escobar","author_link":"https:\/\/imaq.com.co\/?author=1"},"rttpg_comment":0,"rttpg_category":null,"rttpg_excerpt":"Misi\u00f3n IMAQ SAS es una empresa generadora de conocimientos a trav\u00e9s del desarrollo e implementaci\u00f3n de tecnolog\u00edas de punta enfocadas en el avance de la industria, mejora de los procesos, aumento de la eficiencia. Nuestra maquinaria y servicios de ingenier\u00eda parten de la necesidad puntual de cada cliente al cual acompa\u00f1amos y asesoramos de manera&hellip;","_links":{"self":[{"href":"https:\/\/imaq.com.co\/index.php?rest_route=\/wp\/v2\/pages\/1100","targetHints":{"allow":["GET"]}}],"collection":[{"href":"https:\/\/imaq.com.co\/index.php?rest_route=\/wp\/v2\/pages"}],"about":[{"href":"https:\/\/imaq.com.co\/index.php?rest_route=\/wp\/v2\/types\/page"}],"author":[{"embeddable":true,"href":"https:\/\/imaq.com.co\/index.php?rest_route=\/wp\/v2\/users\/1"}],"replies":[{"embeddable":true,"href":"https:\/\/imaq.com.co\/index.php?rest_route=%2Fwp%2Fv2%2Fcomments&post=1100"}],"version-history":[{"count":34,"href":"https:\/\/imaq.com.co\/index.php?rest_route=\/wp\/v2\/pages\/1100\/revisions"}],"predecessor-version":[{"id":1514,"href":"https:\/\/imaq.com.co\/index.php?rest_route=\/wp\/v2\/pages\/1100\/revisions\/1514"}],"wp:attachment":[{"href":"https:\/\/imaq.com.co\/index.php?rest_route=%2Fwp%2Fv2%2Fmedia&parent=1100"}],"curies":[{"name":"wp","href":"https:\/\/api.w.org\/{rel}","templated":true}]}}